{"id":3,"date":"2025-08-30T14:28:39","date_gmt":"2025-08-30T14:28:39","guid":{"rendered":"https:\/\/thedrsmile.com\/?page_id=3"},"modified":"2025-11-15T17:54:48","modified_gmt":"2025-11-15T17:54:48","slug":"privacy-policy","status":"publish","type":"page","link":"https:\/\/thedrsmile.com\/mk\/privacy-policy\/","title":{"rendered":"Privacy Policy"},"content":{"rendered":"<div data-elementor-type=\"wp-page\" data-elementor-id=\"3\" class=\"elementor elementor-3\">\n\t\t\t\t<div class=\"elementor-element elementor-element-1bac10e e-flex e-con-boxed e-con e-parent\" data-id=\"1bac10e\" data-element_type=\"container\" data-e-type=\"container\">\n\t\t\t\t\t<div class=\"e-con-inner\">\n\t\t\t\t\t<\/div>\n\t\t\t\t<\/div>\n\t\t<div class=\"elementor-element elementor-element-a6143bb e-flex e-con-boxed e-con e-parent\" data-id=\"a6143bb\" data-element_type=\"container\" data-e-type=\"container\">\n\t\t\t\t\t<div class=\"e-con-inner\">\n\t\t\t\t<div class=\"elementor-element elementor-element-28bae30 elementor-widget elementor-widget-text-editor\" data-id=\"28bae30\" data-element_type=\"widget\" data-e-type=\"widget\" data-widget_type=\"text-editor.default\">\n\t\t\t\t\t\t\t\t\t<p><b>PRIVACY POLICY<\/b><\/p>\n<ol>\n<li><b> Introduction<\/b><span style=\"font-weight: 400;\"><br \/><\/span><span style=\"font-weight: 400;\">This Privacy Policy explains how <\/span><b>THEDRSMILE<\/b><span style=\"font-weight: 400;\"> collects, uses, and protects personal data. We are committed to maintaining the confidentiality and security of user information.<br \/><br \/><\/span><\/li>\n<li><b> Information We Collect<\/b><\/li>\n<\/ol>\n<ul>\n<li style=\"list-style-type: none;\">\n<ul>\n<li style=\"font-weight: 400;\" aria-level=\"1\"><span style=\"font-weight: 400;\">Personal details (name, email, phone number, payment data).<\/span><\/li>\n<li style=\"font-weight: 400;\" aria-level=\"1\"><span style=\"font-weight: 400;\">Business details (clinic name, website, social media links).<\/span><\/li>\n<li style=\"font-weight: 400;\" aria-level=\"1\"><span style=\"font-weight: 400;\">Usage data (how users interact with the platform).<\/span><\/li>\n<li style=\"font-weight: 400;\" aria-level=\"1\"><span style=\"font-weight: 400;\">Technical data (IP address, browser type, device information).<\/span><\/li>\n<\/ul>\n<\/li>\n<\/ul>\n<ol start=\"3\">\n<li><b> How We Use Your Information<\/b><\/li>\n<\/ol>\n<ul>\n<li style=\"list-style-type: none;\">\n<ul>\n<li style=\"font-weight: 400;\" aria-level=\"1\"><span style=\"font-weight: 400;\">To create and manage user accounts.<\/span><\/li>\n<li style=\"font-weight: 400;\" aria-level=\"1\"><span style=\"font-weight: 400;\">To process payments securely.<\/span><\/li>\n<li style=\"font-weight: 400;\" aria-level=\"1\"><span style=\"font-weight: 400;\">To provide marketing insights and promotional recommendations.<\/span><\/li>\n<li style=\"font-weight: 400;\" aria-level=\"1\"><span style=\"font-weight: 400;\">To communicate updates, news, or platform improvements.<\/span><\/li>\n<\/ul>\n<\/li>\n<\/ul>\n<ol start=\"4\">\n<li><b> Data Protection &amp; Security<\/b><\/li>\n<\/ol>\n<ul>\n<li style=\"list-style-type: none;\">\n<ul>\n<li style=\"font-weight: 400;\" aria-level=\"1\"><span style=\"font-weight: 400;\">We apply industry-standard security measures to protect your data.<\/span><\/li>\n<li style=\"font-weight: 400;\" aria-level=\"1\"><span style=\"font-weight: 400;\">All payment transactions are encrypted.<\/span><\/li>\n<li style=\"font-weight: 400;\" aria-level=\"1\"><span style=\"font-weight: 400;\">Access to personal data is restricted to authorized personnel only.<\/span><\/li>\n<\/ul>\n<\/li>\n<\/ul>\n<ol start=\"5\">\n<li><b> Sharing of Information<\/b><\/li>\n<\/ol>\n<ul>\n<li style=\"list-style-type: none;\">\n<ul>\n<li style=\"font-weight: 400;\" aria-level=\"1\"><span style=\"font-weight: 400;\">We do not sell user data to third parties.<\/span><\/li>\n<li style=\"font-weight: 400;\" aria-level=\"1\"><span style=\"font-weight: 400;\">We may share information with trusted service providers (e.g. hosting, payments, analytics) only for operational purposes.<\/span><\/li>\n<li style=\"font-weight: 400;\" aria-level=\"1\"><span style=\"font-weight: 400;\">We comply with lawful data disclosure requests when required.<\/span><\/li>\n<\/ul>\n<\/li>\n<\/ul>\n<ol start=\"6\">\n<li><b> User Rights<\/b><\/li>\n<\/ol>\n<ul>\n<li style=\"list-style-type: none;\">\n<ol>\n<li style=\"font-weight: 400;\" aria-level=\"1\"><span style=\"font-weight: 400;\">You can request access to, correction, or deletion of your personal data.<\/span><\/li>\n<li style=\"font-weight: 400;\" aria-level=\"1\"><span style=\"font-weight: 400;\">You may opt out of marketing communications at any time.<\/span><\/li>\n<li style=\"font-weight: 400;\" aria-level=\"1\"><span style=\"font-weight: 400;\">Requests should be sent to <\/span><a href=\"mailto:info@thedrsmile.com\"><b>info@thedrsmile.com<\/b><span style=\"font-weight: 400;\">.<\/span><\/a><\/li>\n<\/ol>\n<\/li>\n<\/ul>\n<ol start=\"7\">\n<li><b> Cookies &amp; Tracking Technologies<\/b><\/li>\n<\/ol>\n<ul>\n<li style=\"list-style-type: none;\">\n<ul>\n<li style=\"font-weight: 400;\" aria-level=\"1\"><span style=\"font-weight: 400;\">Our platform uses cookies to enhance functionality and collect analytics.<\/span><\/li>\n<li style=\"font-weight: 400;\" aria-level=\"1\"><span style=\"font-weight: 400;\">Users can disable cookies in their browser settings.<\/span><\/li>\n<li style=\"font-weight: 400;\" aria-level=\"1\"><span style=\"font-weight: 400;\">We may use third-party tools such as Google Analytics.<\/span><\/li>\n<\/ul>\n<\/li>\n<\/ul>\n<ol start=\"8\">\n<li><b> Third-Party Links<\/b><span style=\"font-weight: 400;\"><br \/><\/span><span style=\"font-weight: 400;\">Our website may contain links to third-party pages. We are not responsible for their privacy or content practices.<br \/><br \/><\/span><\/li>\n<li><b> Updates to This Policy<\/b><span style=\"font-weight: 400;\"><br \/><\/span><span style=\"font-weight: 400;\">We may update this Privacy Policy periodically. Any major changes will be communicated via website notice or email.<br \/><br \/><\/span><\/li>\n<li><b> Contact<\/b><span style=\"font-weight: 400;\"><br \/><\/span><span style=\"font-weight: 400;\">For privacy-related matters, contact <\/span><a href=\"mailto:info@thedrsmile.com\"><b>info@thedrsmile.com<\/b><\/a><span style=\"font-weight: 400;\">.<\/span><\/li>\n<\/ol>\n<p>\u00a0<\/p>\n<p>\u00a0<\/p>\n<p><b>POLITIKA E PRIVAT\u00cbSIS\u00cb<\/b><\/p>\n<ol>\n<li><b> Hyrje<\/b><span style=\"font-weight: 400;\"><br \/><\/span><span style=\"font-weight: 400;\">Kjo politik\u00eb shpjegon m\u00ebnyr\u00ebn se si <\/span><b>THEDRSMILE<\/b><span style=\"font-weight: 400;\"> mbledh, p\u00ebrdor dhe mbron t\u00eb dh\u00ebnat personale t\u00eb p\u00ebrdoruesve. Ne jemi t\u00eb p\u00ebrkushtuar t\u00eb ruajm\u00eb konfidencialitetin dhe sigurin\u00eb e informacionit tuaj.<br \/><br \/><\/span><\/li>\n<li><b> \u00c7far\u00eb t\u00eb Dh\u00ebnash Mbledhim<\/b><\/li>\n<\/ol>\n<ul>\n<li style=\"list-style-type: none;\">\n<ul>\n<li style=\"font-weight: 400;\" aria-level=\"1\"><span style=\"font-weight: 400;\">T\u00eb dh\u00ebna personale (em\u00ebr, email, num\u00ebr telefoni, t\u00eb dh\u00ebna pagese).<\/span><\/li>\n<li style=\"font-weight: 400;\" aria-level=\"1\"><span style=\"font-weight: 400;\">T\u00eb dh\u00ebna biznesi (emri i klinik\u00ebs, faqja e internetit, lidhjet sociale).<\/span><\/li>\n<li style=\"font-weight: 400;\" aria-level=\"1\"><span style=\"font-weight: 400;\">T\u00eb dh\u00ebna p\u00ebrdorimi (m\u00ebnyra si p\u00ebrdorni platform\u00ebn).<\/span><\/li>\n<li style=\"font-weight: 400;\" aria-level=\"1\"><span style=\"font-weight: 400;\">T\u00eb dh\u00ebna teknike (IP, lloji i shfletuesit, informacion mbi pajisjen).<\/span><\/li>\n<\/ul>\n<\/li>\n<\/ul>\n<ol start=\"3\">\n<li><b> Si i P\u00ebrdorim T\u00eb Dh\u00ebnat Tuaja<\/b><\/li>\n<\/ol>\n<ul>\n<li style=\"list-style-type: none;\">\n<ul>\n<li style=\"font-weight: 400;\" aria-level=\"1\"><span style=\"font-weight: 400;\">P\u00ebr krijimin dhe menaxhimin e llogaris\u00eb.<\/span><\/li>\n<li style=\"font-weight: 400;\" aria-level=\"1\"><span style=\"font-weight: 400;\">P\u00ebr p\u00ebrpunimin e pagesave n\u00eb m\u00ebnyr\u00eb t\u00eb sigurt.<\/span><\/li>\n<li style=\"font-weight: 400;\" aria-level=\"1\"><span style=\"font-weight: 400;\">P\u00ebr t\u00eb ofruar analiza dhe rekomandime marketingu.<\/span><\/li>\n<li style=\"font-weight: 400;\" aria-level=\"1\"><span style=\"font-weight: 400;\">P\u00ebr t\u00eb komunikuar njoftime, p\u00ebrdit\u00ebsime dhe ndryshime t\u00eb sh\u00ebrbimit.<\/span><\/li>\n<\/ul>\n<\/li>\n<\/ul>\n<ol start=\"4\">\n<li><b> Siguria dhe Ruajtja e T\u00eb Dh\u00ebnave<\/b><\/li>\n<\/ol>\n<ul>\n<li style=\"list-style-type: none;\">\n<ul>\n<li style=\"font-weight: 400;\" aria-level=\"1\"><span style=\"font-weight: 400;\">Zbatojm\u00eb masa sigurie t\u00eb standardit evropian p\u00ebr mbrojtjen e t\u00eb dh\u00ebnave.<\/span><\/li>\n<li style=\"font-weight: 400;\" aria-level=\"1\"><span style=\"font-weight: 400;\">Transaksionet e pagesave jan\u00eb t\u00eb koduara.<\/span><\/li>\n<li style=\"font-weight: 400;\" aria-level=\"1\"><span style=\"font-weight: 400;\">Qasja n\u00eb t\u00eb dh\u00ebnat personale kufizohet vet\u00ebm p\u00ebr personel t\u00eb autorizuar.<\/span><\/li>\n<\/ul>\n<\/li>\n<\/ul>\n<ol start=\"5\">\n<li><b> Ndarja e Informacionit<\/b><\/li>\n<\/ol>\n<ul>\n<li style=\"list-style-type: none;\">\n<ul>\n<li style=\"font-weight: 400;\" aria-level=\"1\"><span style=\"font-weight: 400;\">Nuk shesim t\u00eb dh\u00ebnat e p\u00ebrdoruesve.<\/span><\/li>\n<li style=\"font-weight: 400;\" aria-level=\"1\"><span style=\"font-weight: 400;\">Informacioni ndahet vet\u00ebm me partner\u00eb t\u00eb besuesh\u00ebm p\u00ebr funksionimin e platform\u00ebs (si pagesat, hostimi apo analizat).<\/span><\/li>\n<li style=\"font-weight: 400;\" aria-level=\"1\"><span style=\"font-weight: 400;\">Respektojm\u00eb \u00e7do k\u00ebrkes\u00eb ligjore p\u00ebr zbulim t\u00eb t\u00eb dh\u00ebnave.<\/span><\/li>\n<\/ul>\n<\/li>\n<\/ul>\n<ol start=\"6\">\n<li><b> T\u00eb Drejtat e P\u00ebrdoruesit<\/b><\/li>\n<\/ol>\n<ul>\n<li style=\"list-style-type: none;\">\n<ul>\n<li style=\"font-weight: 400;\" aria-level=\"1\"><span style=\"font-weight: 400;\">Keni t\u00eb drejt\u00eb t\u00eb k\u00ebrkoni qasje, korrigjim ose fshirje t\u00eb t\u00eb dh\u00ebnave.<\/span><\/li>\n<li style=\"font-weight: 400;\" aria-level=\"1\"><span style=\"font-weight: 400;\">Mund t\u00eb \u00e7abonoheni nga email-et promovuese n\u00eb \u00e7do koh\u00eb.<\/span><\/li>\n<li style=\"font-weight: 400;\" aria-level=\"1\"><span style=\"font-weight: 400;\">K\u00ebrkesat d\u00ebrgohen n\u00eb <\/span><a href=\"mailto:info@thedrsmile.com\"><b>info@thedrsmile.com<\/b><span style=\"font-weight: 400;\">.<\/span><\/a><\/li>\n<\/ul>\n<\/li>\n<\/ul>\n<ol start=\"7\">\n<li><b> Cookies dhe Teknologji Gjurmimi<\/b><\/li>\n<\/ol>\n<ul>\n<li style=\"list-style-type: none;\">\n<ul>\n<li style=\"font-weight: 400;\" aria-level=\"1\"><span style=\"font-weight: 400;\">Platforma p\u00ebrdor cookies p\u00ebr p\u00ebrmir\u00ebsim t\u00eb p\u00ebrvoj\u00ebs s\u00eb p\u00ebrdoruesit dhe analiz\u00eb t\u00eb performanc\u00ebs.<\/span><\/li>\n<li style=\"font-weight: 400;\" aria-level=\"1\"><span style=\"font-weight: 400;\">P\u00ebrdoruesit mund t\u2019i \u00e7aktivizojn\u00eb cookies nga cil\u00ebsimet e shfletuesit.<\/span><\/li>\n<li style=\"font-weight: 400;\" aria-level=\"1\"><span style=\"font-weight: 400;\">Mund t\u00eb p\u00ebrdorim mjete t\u00eb pal\u00ebve t\u00eb treta si Google Analytics.<\/span><\/li>\n<\/ul>\n<\/li>\n<\/ul>\n<ol start=\"8\">\n<li><b> Lidhje me Pal\u00eb t\u00eb Treta<\/b><span style=\"font-weight: 400;\"><br \/><\/span><span style=\"font-weight: 400;\">Faqja mund t\u00eb p\u00ebrmbaj\u00eb lidhje me faqe t\u00eb jashtme. Ne nuk mbajm\u00eb p\u00ebrgjegj\u00ebsi p\u00ebr politikat e tyre t\u00eb privat\u00ebsis\u00eb.<br \/><br \/><\/span><\/li>\n<li><b> P\u00ebrdit\u00ebsimet e Politik\u00ebs<\/b><span style=\"font-weight: 400;\"><br \/><\/span><span style=\"font-weight: 400;\">Kjo politik\u00eb mund t\u00eb p\u00ebrdit\u00ebsohet her\u00eb pas here. Ndryshimet e r\u00ebnd\u00ebsishme do t\u00eb njoftohen n\u00eb faqe ose p\u00ebrmes email-it.<\/span><\/li>\n<\/ol>\n<p><b>10. Kontakt<\/b><span style=\"font-weight: 400;\"><br \/><\/span><span style=\"font-weight: 400;\">P\u00ebr \u00e7\u00ebshtje t\u00eb privat\u00ebsis\u00eb, shkruani n\u00eb <\/span><a href=\"mailto:info@thedrsmile.com\"><b>info@thedrsmile.com<\/b><\/a><span style=\"font-weight: 400;\">.<\/span><\/p>\n<p>\u00a0<\/p>\n<p>\u00a0<\/p>\n<p><b>\u041f\u041e\u041b\u0418\u0422\u0418\u041a\u0410 \u0417\u0410 \u041f\u0420\u0418\u0412\u0410\u0422\u041d\u041e\u0421\u0422<\/b><\/p>\n<ol>\n<li><b> \u0412\u043e\u0432\u0435\u0434<\/b><span style=\"font-weight: 400;\"><br \/><\/span><span style=\"font-weight: 400;\">\u041e\u0432\u0430\u0430 \u043f\u043e\u043b\u0438\u0442\u0438\u043a\u0430 \u043e\u0431\u0458\u0430\u0441\u043d\u0443\u0432\u0430 \u043a\u0430\u043a\u043e <\/span><b>THEDRSMILE<\/b><span style=\"font-weight: 400;\"> \u0433\u0438 \u0441\u043e\u0431\u0438\u0440\u0430, \u043a\u043e\u0440\u0438\u0441\u0442\u0438 \u0438 \u0437\u0430\u0448\u0442\u0438\u0442\u0443\u0432\u0430 \u043b\u0438\u0447\u043d\u0438\u0442\u0435 \u043f\u043e\u0434\u0430\u0442\u043e\u0446\u0438 \u043d\u0430 \u0441\u0432\u043e\u0438\u0442\u0435 \u043a\u043e\u0440\u0438\u0441\u043d\u0438\u0446\u0438. \u041d\u0438\u0435 \u0441\u043c\u0435 \u043f\u043e\u0441\u0432\u0435\u0442\u0435\u043d\u0438 \u043d\u0430 \u0434\u043e\u0432\u0435\u0440\u043b\u0438\u0432\u043e\u0441\u0442\u0430 \u0438 \u0431\u0435\u0437\u0431\u0435\u0434\u043d\u043e\u0441\u0442\u0430 \u043d\u0430 \u0432\u0430\u0448\u0438\u0442\u0435 \u0438\u043d\u0444\u043e\u0440\u043c\u0430\u0446\u0438\u0438.<br \/><br \/><\/span><\/li>\n<li><b> \u041a\u043e\u0438 \u041f\u043e\u0434\u0430\u0442\u043e\u0446\u0438 \u0433\u0438 \u0421\u043e\u0431\u0438\u0440a\u043c\u0435<\/b><\/li>\n<\/ol>\n<ul>\n<li style=\"list-style-type: none;\">\n<ul>\n<li style=\"font-weight: 400;\" aria-level=\"1\"><span style=\"font-weight: 400;\">\u041b\u0438\u0447\u043d\u0438 \u043f\u043e\u0434\u0430\u0442\u043e\u0446\u0438 (\u0438\u043c\u0435, \u0435-\u043f\u043e\u0448\u0442\u0430, \u0442\u0435\u043b\u0435\u0444\u043e\u043d, \u043f\u043e\u0434\u0430\u0442\u043e\u0446\u0438 \u0437\u0430 \u043f\u043b\u0430\u045c\u0430\u045a\u0435).<\/span><\/li>\n<li style=\"font-weight: 400;\" aria-level=\"1\"><span style=\"font-weight: 400;\">\u041f\u043e\u0434\u0430\u0442\u043e\u0446\u0438 \u0437\u0430 \u043a\u043b\u0438\u043d\u0438\u043a\u0430\u0442\u0430 (\u0438\u043c\u0435, \u0432\u0435\u0431-\u0441\u0442\u0440\u0430\u043d\u0438\u0446\u0430, \u0441\u043e\u0446\u0438\u0458\u0430\u043b\u043d\u0438 \u043c\u0440\u0435\u0436\u0438).<\/span><\/li>\n<li style=\"font-weight: 400;\" aria-level=\"1\"><span style=\"font-weight: 400;\">\u041f\u043e\u0434\u0430\u0442\u043e\u0446\u0438 \u0437\u0430 \u043a\u043e\u0440\u0438\u0441\u0442\u0435\u045a\u0435 (\u043d\u0430\u0447\u0438\u043d \u043d\u0430 \u043a\u043e\u0440\u0438\u0441\u0442\u0435\u045a\u0435 \u043d\u0430 \u043f\u043b\u0430\u0442\u0444\u043e\u0440\u043c\u0430\u0442\u0430).<\/span><\/li>\n<li style=\"font-weight: 400;\" aria-level=\"1\"><span style=\"font-weight: 400;\">\u0422\u0435\u0445\u043d\u0438\u0447\u043a\u0438 \u043f\u043e\u0434\u0430\u0442\u043e\u0446\u0438 (IP \u0430\u0434\u0440\u0435\u0441\u0430, \u0442\u0438\u043f \u043d\u0430 \u043f\u0440\u0435\u043b\u0438\u0441\u0442\u0443\u0432\u0430\u0447, \u0438\u043d\u0444\u043e\u0440\u043c\u0430\u0446\u0438\u0438 \u0437\u0430 \u0443\u0440\u0435\u0434\u043e\u0442).<\/span><\/li>\n<\/ul>\n<\/li>\n<\/ul>\n<ol start=\"3\">\n<li><b> \u041a\u0430\u043a\u043e \u0433\u0438 \u041a\u043e\u0440\u0438\u0441\u0442\u0438\u043c\u0435 \u0412\u0430\u0448\u0438\u0442\u0435 \u041f\u043e\u0434\u0430\u0442\u043e\u0446\u0438<\/b><\/li>\n<\/ol>\n<ul>\n<li style=\"list-style-type: none;\">\n<ul>\n<li style=\"font-weight: 400;\" aria-level=\"1\"><span style=\"font-weight: 400;\">\u0417\u0430 \u043a\u0440\u0435\u0438\u0440\u0430\u045a\u0435 \u0438 \u0443\u043f\u0440\u0430\u0432\u0443\u0432\u0430\u045a\u0435 \u0441\u043e \u0441\u043c\u0435\u0442\u043a\u0430\u0442\u0430.<\/span><\/li>\n<li style=\"font-weight: 400;\" aria-level=\"1\"><span style=\"font-weight: 400;\">\u0417\u0430 \u0431\u0435\u0437\u0431\u0435\u0434\u043d\u0430 \u043e\u0431\u0440\u0430\u0431\u043e\u0442\u043a\u0430 \u043d\u0430 \u043f\u043b\u0430\u045c\u0430\u045a\u0430\u0442\u0430.<\/span><\/li>\n<li style=\"font-weight: 400;\" aria-level=\"1\"><span style=\"font-weight: 400;\">\u0417\u0430 \u043e\u0431\u0435\u0437\u0431\u0435\u0434\u0443\u0432\u0430\u045a\u0435 \u043c\u0430\u0440\u043a\u0435\u0442\u0438\u043d\u0433 \u0430\u043d\u0430\u043b\u0438\u0437\u0438 \u0438 \u043f\u0440\u0435\u043f\u043e\u0440\u0430\u043a\u0438.<\/span><\/li>\n<li style=\"font-weight: 400;\" aria-level=\"1\"><span style=\"font-weight: 400;\">\u0417\u0430 \u043a\u043e\u043c\u0443\u043d\u0438\u043a\u0430\u0446\u0438\u0458\u0430 \u043e\u043a\u043e\u043b\u0443 \u043d\u043e\u0432\u043e\u0441\u0442\u0438 \u0438 \u043f\u043e\u0434\u043e\u0431\u0440\u0443\u0432\u0430\u045a\u0430 \u043d\u0430 \u0443\u0441\u043b\u0443\u0433\u0430\u0442\u0430.<\/span><\/li>\n<\/ul>\n<\/li>\n<\/ul>\n<ol start=\"4\">\n<li><b> \u0411\u0435\u0437\u0431\u0435\u0434\u043d\u043e\u0441\u0442 \u0438 \u0427\u0443\u0432\u0430\u045a\u0435 \u043d\u0430 \u041f\u043e\u0434\u0430\u0442\u043e\u0446\u0438<\/b><\/li>\n<\/ol>\n<ul>\n<li style=\"list-style-type: none;\">\n<ul>\n<li style=\"font-weight: 400;\" aria-level=\"1\"><span style=\"font-weight: 400;\">\u041f\u0440\u0438\u043c\u0435\u043d\u0443\u0432\u0430\u043c\u0435 \u0438\u043d\u0434\u0443\u0441\u0442\u0440\u0438\u0441\u043a\u0438 \u0441\u0442\u0430\u043d\u0434\u0430\u0440\u0434\u0438 \u0437\u0430 \u0437\u0430\u0448\u0442\u0438\u0442\u0430 \u043d\u0430 \u043f\u043e\u0434\u0430\u0442\u043e\u0446\u0438\u0442\u0435.<\/span><\/li>\n<li style=\"font-weight: 400;\" aria-level=\"1\"><span style=\"font-weight: 400;\">\u041f\u043b\u0430\u045c\u0430\u045a\u0430\u0442\u0430 \u0441\u0435 \u0448\u0438\u0444\u0440\u0438\u0440\u0430\u043d\u0438 \u0438 \u043e\u0431\u0440\u0430\u0431\u043e\u0442\u0435\u043d\u0438 \u043f\u0440\u0435\u043a\u0443 \u0441\u0438\u0433\u0443\u0440\u043d\u0438 \u043a\u0430\u043d\u0430\u043b\u0438.<\/span><\/li>\n<li style=\"font-weight: 400;\" aria-level=\"1\"><span style=\"font-weight: 400;\">\u041f\u0440\u0438\u0441\u0442\u0430\u043f\u043e\u0442 \u0434\u043e \u043b\u0438\u0447\u043d\u0438\u0442\u0435 \u043f\u043e\u0434\u0430\u0442\u043e\u0446\u0438 \u0435 \u043e\u0433\u0440\u0430\u043d\u0438\u0447\u0435\u043d \u043d\u0430 \u043e\u0432\u043b\u0430\u0441\u0442\u0435\u043d \u043f\u0435\u0440\u0441\u043e\u043d\u0430\u043b.<\/span><\/li>\n<\/ul>\n<\/li>\n<\/ul>\n<ol start=\"5\">\n<li><b> \u0421\u043f\u043e\u0434\u0435\u043b\u0443\u0432\u0430\u045a\u0435 \u043d\u0430 \u0418\u043d\u0444\u043e\u0440\u043c\u0430\u0446\u0438\u0438<\/b><\/li>\n<\/ol>\n<ul>\n<li style=\"list-style-type: none;\">\n<ul>\n<li style=\"font-weight: 400;\" aria-level=\"1\"><span style=\"font-weight: 400;\">\u041d\u0435 \u043f\u0440\u043e\u0434\u0430\u0432\u0430\u043c\u0435 \u043b\u0438\u0447\u043d\u0438 \u043f\u043e\u0434\u0430\u0442\u043e\u0446\u0438 \u043d\u0430 \u0442\u0440\u0435\u0442\u0438 \u0441\u0442\u0440\u0430\u043d\u0438.<\/span><\/li>\n<li style=\"font-weight: 400;\" aria-level=\"1\"><span style=\"font-weight: 400;\">\u041f\u043e\u0434\u0430\u0442\u043e\u0446\u0438\u0442\u0435 \u043c\u043e\u0436\u0435 \u0434\u0430 \u0441\u0435 \u0441\u043f\u043e\u0434\u0435\u043b\u0430\u0442 \u0441\u043e \u0434\u043e\u0432\u0435\u0440\u043b\u0438\u0432\u0438 \u043f\u0430\u0440\u0442\u043d\u0435\u0440\u0438 (\u043f\u043b\u0430\u045c\u0430\u045a\u0430, \u0445\u043e\u0441\u0442\u0438\u043d\u0433, \u0430\u043d\u0430\u043b\u0438\u0442\u0438\u043a\u0430) \u0441\u0430\u043c\u043e \u0437\u0430 \u0442\u0435\u0445\u043d\u0438\u0447\u043a\u0438 \u0446\u0435\u043b\u0438.<\/span><\/li>\n<li style=\"font-weight: 400;\" aria-level=\"1\"><span style=\"font-weight: 400;\">\u0421\u043e\u0440\u0430\u0431\u043e\u0442\u0443\u0432\u0430\u043c\u0435 \u0441\u043e \u043d\u0430\u0434\u043b\u0435\u0436\u043d\u0438\u0442\u0435 \u043e\u0440\u0433\u0430\u043d\u0438 \u0434\u043e\u043a\u043e\u043b\u043a\u0443 \u0442\u043e\u0430 \u0435 \u0437\u0430\u043a\u043e\u043d\u0441\u043a\u0438 \u043f\u043e\u0431\u0430\u0440\u0430\u043d\u043e.<\/span><\/li>\n<\/ul>\n<\/li>\n<\/ul>\n<ol start=\"6\">\n<li><b> \u041f\u0440\u0430\u0432\u0430 \u043d\u0430 \u041a\u043e\u0440\u0438\u0441\u043d\u0438\u0446\u0438\u0442\u0435<\/b><\/li>\n<\/ol>\n<ul>\n<li style=\"list-style-type: none;\">\n<ul>\n<li style=\"font-weight: 400;\" aria-level=\"1\"><span style=\"font-weight: 400;\">\u041c\u043e\u0436\u0435 \u0434\u0430 \u043f\u043e\u0431\u0430\u0440\u0430\u0442\u0435 \u043f\u0440\u0438\u0441\u0442\u0430\u043f, \u0438\u0441\u043f\u0440\u0430\u0432\u043a\u0430 \u0438\u043b\u0438 \u0431\u0440\u0438\u0448\u0435\u045a\u0435 \u043d\u0430 \u0432\u0430\u0448\u0438\u0442\u0435 \u043f\u043e\u0434\u0430\u0442\u043e\u0446\u0438.<\/span><\/li>\n<li style=\"font-weight: 400;\" aria-level=\"1\"><span style=\"font-weight: 400;\">\u041c\u043e\u0436\u0435 \u0434\u0430 \u0441\u0435 \u043e\u0442\u043a\u0430\u0436\u0435\u0442\u0435 \u043e\u0434 \u043f\u0440\u043e\u043c\u043e\u0442\u0438\u0432\u043d\u0438 \u043f\u043e\u0440\u0430\u043a\u0438 \u0432\u043e \u0441\u0435\u043a\u043e\u0435 \u0432\u0440\u0435\u043c\u0435.<\/span><\/li>\n<li style=\"font-weight: 400;\" aria-level=\"1\"><span style=\"font-weight: 400;\">\u0417\u0430 \u0441\u0438\u0442\u0435 \u0431\u0430\u0440\u0430\u045a\u0430 \u043e\u0431\u0440\u0430\u0442\u0435\u0442\u0435 \u0441\u0435 \u043d\u0430 <\/span><a href=\"mailto:info@thedrsmile.com\"><b>info@thedrsmile.com<\/b><span style=\"font-weight: 400;\">.<\/span><\/a><\/li>\n<\/ul>\n<\/li>\n<\/ul>\n<ol start=\"7\">\n<li><b> \u041a\u043e\u043b\u0430\u0447\u0438\u045a\u0430 \u0438 \u0422\u0435\u0445\u043d\u043e\u043b\u043e\u0433\u0438\u0438 \u0437\u0430 \u0421\u043b\u0435\u0434\u0435\u045a\u0435<\/b><\/li>\n<\/ol>\n<ul>\n<li style=\"list-style-type: none;\">\n<ul>\n<li style=\"font-weight: 400;\" aria-level=\"1\"><span style=\"font-weight: 400;\">\u041f\u043b\u0430\u0442\u0444\u043e\u0440\u043c\u0430\u0442\u0430 \u043a\u043e\u0440\u0438\u0441\u0442\u0438 \u043a\u043e\u043b\u0430\u0447\u0438\u045a\u0430 \u0437\u0430 \u043f\u043e\u0434\u043e\u0431\u0440\u0443\u0432\u0430\u045a\u0435 \u043d\u0430 \u0438\u0441\u043a\u0443\u0441\u0442\u0432\u043e\u0442\u043e \u0438 \u0430\u043d\u0430\u043b\u0438\u0437\u0430 \u043d\u0430 \u0441\u043e\u043e\u0431\u0440\u0430\u045c\u0430\u0458\u043e\u0442.<\/span><\/li>\n<li style=\"font-weight: 400;\" aria-level=\"1\"><span style=\"font-weight: 400;\">\u041a\u043e\u043b\u0430\u0447\u0438\u045a\u0430\u0442\u0430 \u043c\u043e\u0436\u0435 \u0434\u0430 \u0433\u0438 \u0438\u0441\u043a\u043b\u0443\u0447\u0438\u0442\u0435 \u043f\u0440\u0435\u043a\u0443 \u043f\u043e\u0441\u0442\u0430\u0432\u043a\u0438\u0442\u0435 \u043d\u0430 \u043f\u0440\u0435\u043b\u0438\u0441\u0442\u0443\u0432\u0430\u0447\u043e\u0442.<\/span><\/li>\n<li style=\"font-weight: 400;\" aria-level=\"1\"><span style=\"font-weight: 400;\">\u041c\u043e\u0436\u0435 \u0434\u0430 \u0441\u0435 \u043a\u043e\u0440\u0438\u0441\u0442\u0430\u0442 \u0430\u043b\u0430\u0442\u043a\u0438 \u043a\u0430\u043a\u043e Google Analytics \u0437\u0430 \u0430\u043d\u0430\u043b\u0438\u0437\u0430 \u043d\u0430 \u043f\u0435\u0440\u0444\u043e\u0440\u043c\u0430\u043d\u0441\u0438.<\/span><\/li>\n<\/ul>\n<\/li>\n<\/ul>\n<ol start=\"8\">\n<li><b> \u041b\u0438\u043d\u043a\u043e\u0432\u0438 \u0434\u043e \u041d\u0430\u0434\u0432\u043e\u0440\u0435\u0448\u043d\u0438 \u0421\u0442\u0440\u0430\u043d\u0438\u0446\u0438<\/b><span style=\"font-weight: 400;\"><br \/><\/span><span style=\"font-weight: 400;\">\u041d\u0430\u0448\u0430\u0442\u0430 \u0441\u0442\u0440\u0430\u043d\u0438\u0446\u0430 \u043c\u043e\u0436\u0435 \u0434\u0430 \u0441\u043e\u0434\u0440\u0436\u0438 \u0432\u0440\u0441\u043a\u0438 \u0434\u043e \u043d\u0430\u0434\u0432\u043e\u0440\u0435\u0448\u043d\u0438 \u0432\u0435\u0431-\u0441\u0442\u0440\u0430\u043d\u0438\u0446\u0438. THEDRSMILE \u043d\u0435 \u0435 \u043e\u0434\u0433\u043e\u0432\u043e\u0440\u0435\u043d \u0437\u0430 \u043d\u0438\u0432\u043d\u0438\u0442\u0435 \u043f\u043e\u043b\u0438\u0442\u0438\u043a\u0438 \u0437\u0430 \u043f\u0440\u0438\u0432\u0430\u0442\u043d\u043e\u0441\u0442 \u0438\u043b\u0438 \u0441\u043e\u0434\u0440\u0436\u0438\u043d\u0430.<br \/><br \/><\/span><\/li>\n<li><b> \u0410\u0436\u0443\u0440\u0438\u0440\u0430\u045a\u0435 \u043d\u0430 \u041f\u043e\u043b\u0438\u0442\u0438\u043a\u0430\u0442\u0430<\/b><span style=\"font-weight: 400;\"><br \/><\/span><span style=\"font-weight: 400;\">\u041f\u043e\u043b\u0438\u0442\u0438\u043a\u0430\u0442\u0430 \u043c\u043e\u0436\u0435 \u0434\u0430 \u0441\u0435 \u0430\u0436\u0443\u0440\u0438\u0440\u0430 \u043f\u0435\u0440\u0438\u043e\u0434\u0438\u0447\u043d\u043e. \u0421\u0438\u0442\u0435 \u0437\u043d\u0430\u0447\u0430\u0458\u043d\u0438 \u043f\u0440\u043e\u043c\u0435\u043d\u0438 \u045c\u0435 \u0431\u0438\u0434\u0430\u0442 \u043e\u0431\u0458\u0430\u0432\u0435\u043d\u0438 \u043d\u0430 \u0432\u0435\u0431-\u0441\u0442\u0440\u0430\u043d\u0438\u0446\u0430\u0442\u0430 \u0438\u043b\u0438 \u043f\u0440\u0435\u043a\u0443 \u0435-\u043f\u043e\u0448\u0442\u0430.<br \/><br \/><\/span><\/li>\n<li><b> \u041a\u043e\u043d\u0442\u0430\u043a\u0442<\/b><span style=\"font-weight: 400;\"><br \/><\/span><span style=\"font-weight: 400;\">\u0417\u0430 \u0441\u0438\u0442\u0435 \u043f\u0440\u0430\u0448\u0430\u045a\u0430 \u043f\u043e\u0432\u0440\u0437\u0430\u043d\u0438 \u0441\u043e \u043f\u0440\u0438\u0432\u0430\u0442\u043d\u043e\u0441\u0442\u0430, \u043e\u0431\u0440\u0430\u0442\u0435\u0442\u0435 \u0441\u0435 \u043d\u0430 <\/span><a href=\"mailto:info@thedrsmile.com\"><b>info@thedrsmile.com<\/b><span style=\"font-weight: 400;\">.<\/span><\/a><\/li>\n<\/ol>\t\t\t\t\t\t\t\t<\/div>\n\t\t\t\t\t<\/div>\n\t\t\t\t<\/div>\n\t\t\t\t<\/div>","protected":false},"excerpt":{"rendered":"<p>PRIVACY POLICY IntroductionThis Privacy Policy explains how THEDRSMILE collects, uses, and protects personal data. We are committed to maintaining the confidentiality and security of user information. Information We Collect Personal details (name, email, phone number, payment data). Business details (clinic name, website, social media links). Usage data (how users interact with the platform). Technical data [&hellip;]<\/p>\n","protected":false},"author":1,"featured_media":0,"parent":0,"menu_order":0,"comment_status":"closed","ping_status":"open","template":"","meta":{"footnotes":""},"class_list":["post-3","page","type-page","status-publish","hentry"],"acf":[],"_links":{"self":[{"href":"https:\/\/thedrsmile.com\/mk\/wp-json\/wp\/v2\/pages\/3","targetHints":{"allow":["GET"]}}],"collection":[{"href":"https:\/\/thedrsmile.com\/mk\/wp-json\/wp\/v2\/pages"}],"about":[{"href":"https:\/\/thedrsmile.com\/mk\/wp-json\/wp\/v2\/types\/page"}],"author":[{"embeddable":true,"href":"https:\/\/thedrsmile.com\/mk\/wp-json\/wp\/v2\/users\/1"}],"replies":[{"embeddable":true,"href":"https:\/\/thedrsmile.com\/mk\/wp-json\/wp\/v2\/comments?post=3"}],"version-history":[{"count":8,"href":"https:\/\/thedrsmile.com\/mk\/wp-json\/wp\/v2\/pages\/3\/revisions"}],"predecessor-version":[{"id":827,"href":"https:\/\/thedrsmile.com\/mk\/wp-json\/wp\/v2\/pages\/3\/revisions\/827"}],"wp:attachment":[{"href":"https:\/\/thedrsmile.com\/mk\/wp-json\/wp\/v2\/media?parent=3"}],"curies":[{"name":"wp","href":"https:\/\/api.w.org\/{rel}","templated":true}]}}